{"id":3523,"date":"2023-05-09T14:40:08","date_gmt":"2023-05-09T14:40:08","guid":{"rendered":"https:\/\/bthefuture.org\/?page_id=3523"},"modified":"2025-01-23T21:59:47","modified_gmt":"2025-01-23T21:59:47","slug":"2022-edition","status":"publish","type":"page","link":"https:\/\/bthefuture.org\/es\/2022-edition\/","title":{"rendered":"III Edition &#8211; 2022"},"content":{"rendered":"<div data-elementor-type=\"wp-post\" data-elementor-id=\"3523\" class=\"elementor elementor-3523\" data-elementor-post-type=\"page\">\n\t\t\t\t<div class=\"elementor-element elementor-element-cf9f7a4 e-con-full e-flex e-con e-parent\" data-id=\"cf9f7a4\" data-element_type=\"container\" data-settings=\"{&quot;background_background&quot;:&quot;classic&quot;,&quot;ekit_has_onepagescroll_dot&quot;:&quot;yes&quot;}\">\n\t\t\t\t<div class=\"elementor-element elementor-element-ff7ba3f elementor-widget elementor-widget-heading\" data-id=\"ff7ba3f\" data-element_type=\"widget\" data-settings=\"{&quot;ekit_we_effect_on&quot;:&quot;none&quot;}\" data-widget_type=\"heading.default\">\n\t\t\t\t\t<h1 class=\"elementor-heading-title elementor-size-default\">BUILDING <br>THE FUTURE<\/h1>\t\t\t\t<\/div>\n\t\t\t\t<div class=\"elementor-element elementor-element-c12a7d4 elementor-widget elementor-widget-heading\" data-id=\"c12a7d4\" data-element_type=\"widget\" data-settings=\"{&quot;ekit_we_effect_on&quot;:&quot;none&quot;}\" data-widget_type=\"heading.default\">\n\t\t\t\t\t<h2 class=\"elementor-heading-title elementor-size-default\">III SOLIDARITY TOURNAMENT REAL ESTATE SECTOR COSTA DEL SOL<\/h2>\t\t\t\t<\/div>\n\t\t\t\t<\/div>\n\t\t\t\t<section class=\"elementor-section elementor-top-section elementor-element elementor-element-8f8c45b elementor-section-full_width elementor-section-height-default elementor-section-height-default\" data-id=\"8f8c45b\" data-element_type=\"section\" data-settings=\"{&quot;background_background&quot;:&quot;classic&quot;,&quot;ekit_has_onepagescroll_dot&quot;:&quot;yes&quot;}\">\n\t\t\t\t\t\t<div class=\"elementor-container elementor-column-gap-no\">\n\t\t\t\t\t<div class=\"elementor-column elementor-col-100 elementor-top-column elementor-element elementor-element-3bf0bee\" data-id=\"3bf0bee\" data-element_type=\"column\">\n\t\t\t<div class=\"elementor-widget-wrap elementor-element-populated\">\n\t\t\t\t\t\t<section class=\"elementor-section elementor-inner-section elementor-element elementor-element-be58a6b elementor-section-full_width elementor-section-height-default elementor-section-height-default\" data-id=\"be58a6b\" data-element_type=\"section\" data-settings=\"{&quot;ekit_has_onepagescroll_dot&quot;:&quot;yes&quot;}\">\n\t\t\t\t\t\t<div class=\"elementor-container elementor-column-gap-no\">\n\t\t\t\t\t<div class=\"elementor-column elementor-col-50 elementor-inner-column elementor-element elementor-element-ef627d8 xs-about-content-img\" data-id=\"ef627d8\" data-element_type=\"column\" data-settings=\"{&quot;background_background&quot;:&quot;classic&quot;}\">\n\t\t\t<div class=\"elementor-widget-wrap elementor-element-populated\">\n\t\t\t\t\t\t\t<\/div>\n\t\t<\/div>\n\t\t\t\t<div class=\"elementor-column elementor-col-50 elementor-inner-column elementor-element elementor-element-6818249\" data-id=\"6818249\" data-element_type=\"column\">\n\t\t\t<div class=\"elementor-widget-wrap elementor-element-populated\">\n\t\t\t\t\t\t<div class=\"elementor-element elementor-element-6dddc16 elementor-widget elementor-widget-xs-heading\" data-id=\"6dddc16\" data-element_type=\"widget\" data-settings=\"{&quot;ekit_we_effect_on&quot;:&quot;none&quot;}\" data-widget_type=\"xs-heading.default\">\n\t\t\t\t<div class=\"elementor-widget-container\">\n\t\t\t\t\t<div class=\"xs-heading\">\n            <h2 class=\"xs-title\" data-title=\"About\">If you didn\u2019t know, Here\u2019s a bit about us.<\/h2>\n            <\/div>\t\t\t\t<\/div>\n\t\t\t\t<\/div>\n\t\t\t\t<div class=\"elementor-element elementor-element-cf5972a elementor-widget elementor-widget-text-editor\" data-id=\"cf5972a\" data-element_type=\"widget\" data-settings=\"{&quot;ekit_we_effect_on&quot;:&quot;none&quot;}\" data-widget_type=\"text-editor.default\">\n\t\t\t\t\t\t\t\t\t<p>Together we are stronger and can do so much more, and it shows when we join forces and do something important for others. The annual Solidarity Padel Tournament originally conceived by Nvoga and its CEO Jos\u00e9 Carlos L\u00e9on, brings professionals from the Costa del Sol\u2019s property industry together in support of a series of wonderful causes \u2013 raising funds that change lives while giving those working in the region\u2019s real estate sector a chance to meet up, play sport, socialise and network.<\/p>\t\t\t\t\t\t\t\t<\/div>\n\t\t\t\t<div class=\"elementor-element elementor-element-469913d elementor-widget elementor-widget-xs-button\" data-id=\"469913d\" data-element_type=\"widget\" data-settings=\"{&quot;ekit_we_effect_on&quot;:&quot;none&quot;}\" data-widget_type=\"xs-button.default\">\n\t\t\t\t<div class=\"elementor-widget-container\">\n\t\t\t\t\t        \n        <a href=\"https:\/\/nvoga.com\/2022\/04\/20\/iii-solidarity-padel-tournament-june-2022\/\" target=\"_self\" class=\"xs-cp-btn btn btn-primary\">\n            <span class=\"badge\"><i class=\"\"><\/i><\/span> Learn more         <\/a>\n\n        \t\t\t\t<\/div>\n\t\t\t\t<\/div>\n\t\t\t\t\t<\/div>\n\t\t<\/div>\n\t\t\t\t\t<\/div>\n\t\t<\/section>\n\t\t\t\t\t<\/div>\n\t\t<\/div>\n\t\t\t\t\t<\/div>\n\t\t<\/section>\n\t\t\t\t<section class=\"elementor-section elementor-top-section elementor-element elementor-element-56825d1 elementor-section-boxed elementor-section-height-default elementor-section-height-default\" data-id=\"56825d1\" data-element_type=\"section\" data-settings=\"{&quot;background_background&quot;:&quot;classic&quot;,&quot;ekit_has_onepagescroll_dot&quot;:&quot;yes&quot;}\">\n\t\t\t\t\t\t<div class=\"elementor-container elementor-column-gap-default\">\n\t\t\t\t\t<div class=\"elementor-column elementor-col-100 elementor-top-column elementor-element elementor-element-a82154e\" data-id=\"a82154e\" data-element_type=\"column\">\n\t\t\t<div class=\"elementor-widget-wrap elementor-element-populated\">\n\t\t\t\t\t\t<section class=\"elementor-section elementor-inner-section elementor-element elementor-element-9b73dc2 elementor-section-boxed elementor-section-height-default elementor-section-height-default\" data-id=\"9b73dc2\" data-element_type=\"section\" data-settings=\"{&quot;ekit_has_onepagescroll_dot&quot;:&quot;yes&quot;}\">\n\t\t\t\t\t\t<div class=\"elementor-container elementor-column-gap-default\">\n\t\t\t\t\t<div class=\"elementor-column elementor-col-100 elementor-inner-column elementor-element elementor-element-b3a2740\" data-id=\"b3a2740\" data-element_type=\"column\">\n\t\t\t<div class=\"elementor-widget-wrap elementor-element-populated\">\n\t\t\t\t\t\t<div class=\"elementor-element elementor-element-a28ce2c elementor-align-center elementor-widget elementor-widget-xs-heading\" data-id=\"a28ce2c\" data-element_type=\"widget\" data-settings=\"{&quot;ekit_we_effect_on&quot;:&quot;none&quot;}\" data-widget_type=\"xs-heading.default\">\n\t\t\t\t<div class=\"elementor-widget-container\">\n\t\t\t\t\t<div class=\"xs-heading\">\n            <h2 class=\"xs-title\" data-title=\"\">Who do we help?<\/h2>\n                <span class=\"xs-separetor dashed\"><\/span>\n                <p><br>The original charity that got it all started is situated in Uganda, East Africa, where our association BUILDING THE FUTURE has made possible projects such as the rebuilding of safe, functional and comfortable new classrooms at the Uganda Ruwenzori Focus school. The money raised during the tournaments has made this possible, as well as other worthy projects closer to home, including the DEBRA Butterfly Children foundation, for whom our contribution equated to being able to provide 200 hours of support for children with this rare, debilitating condition, and their families.\n<br><br>\nOthers include AVOI, the Asociaci\u00f3n de Voluntarios de Oncolog\u00eda Infantil de M\u00e1laga, who used the funds to buy much-needed equipment and organise events that provide these young patients with important moments of happiness and relief. For CADI, the Centro de Atenci\u00f3n a la Diversidad Infantil de Marbella, we helped arrange art-based therapy and surf classes for children, while Fuensocial, a charity organised by the parents of handicapped children, used the funds raised to renovate an adult patient centre in Fuengirola.\n<\/p>\n    <\/div>\t\t\t\t<\/div>\n\t\t\t\t<\/div>\n\t\t\t\t<div class=\"elementor-element elementor-element-820842e elementor-widget elementor-widget-spacer\" data-id=\"820842e\" data-element_type=\"widget\" data-settings=\"{&quot;ekit_we_effect_on&quot;:&quot;none&quot;}\" data-widget_type=\"spacer.default\">\n\t\t\t\t\t\t\t<div class=\"elementor-spacer\">\n\t\t\t<div class=\"elementor-spacer-inner\"><\/div>\n\t\t<\/div>\n\t\t\t\t\t\t<\/div>\n\t\t\t\t<div class=\"elementor-element elementor-element-5c2b2dd elementor-widget elementor-widget-xs-partner\" data-id=\"5c2b2dd\" data-element_type=\"widget\" data-settings=\"{&quot;ekit_we_effect_on&quot;:&quot;none&quot;}\" data-widget_type=\"xs-partner.default\">\n\t\t\t\t<div class=\"elementor-widget-container\">\n\t\t\t\t\t\n        <ul class=\"fundpress-partners\">\n                            <li><a href=\"#\" target=\"_self\" >\n                <img fetchpriority=\"high\" decoding=\"async\" width=\"512\" height=\"512\" src=\"https:\/\/bthefuture.org\/wp-content\/uploads\/2022\/05\/cropped-logo-ASOCIACION_letras-fuschia.png\" class=\"attachment-full size-full\" alt=\"img\" srcset=\"https:\/\/bthefuture.org\/wp-content\/uploads\/2022\/05\/cropped-logo-ASOCIACION_letras-fuschia.png 512w, https:\/\/bthefuture.org\/wp-content\/uploads\/2022\/05\/cropped-logo-ASOCIACION_letras-fuschia-300x300.png 300w, https:\/\/bthefuture.org\/wp-content\/uploads\/2022\/05\/cropped-logo-ASOCIACION_letras-fuschia-150x150.png 150w, https:\/\/bthefuture.org\/wp-content\/uploads\/2022\/05\/cropped-logo-ASOCIACION_letras-fuschia-400x400.png 400w, https:\/\/bthefuture.org\/wp-content\/uploads\/2022\/05\/cropped-logo-ASOCIACION_letras-fuschia-270x270.png 270w, https:\/\/bthefuture.org\/wp-content\/uploads\/2022\/05\/cropped-logo-ASOCIACION_letras-fuschia-192x192.png 192w, https:\/\/bthefuture.org\/wp-content\/uploads\/2022\/05\/cropped-logo-ASOCIACION_letras-fuschia-180x180.png 180w, https:\/\/bthefuture.org\/wp-content\/uploads\/2022\/05\/cropped-logo-ASOCIACION_letras-fuschia-32x32.png 32w\" sizes=\"(max-width: 512px) 100vw, 512px\" \/>                <\/a><\/li>\n                    <\/ul>\n        \t\t\t\t<\/div>\n\t\t\t\t<\/div>\n\t\t\t\t\t<\/div>\n\t\t<\/div>\n\t\t\t\t\t<\/div>\n\t\t<\/section>\n\t\t\t\t\t<\/div>\n\t\t<\/div>\n\t\t\t\t\t<\/div>\n\t\t<\/section>\n\t\t\t\t<section class=\"elementor-section elementor-top-section elementor-element elementor-element-23ce9d5 elementor-section-full_width elementor-section-content-middle align-self-center elementor-section-height-default elementor-section-height-default\" data-id=\"23ce9d5\" data-element_type=\"section\" data-settings=\"{&quot;background_background&quot;:&quot;classic&quot;,&quot;ekit_has_onepagescroll_dot&quot;:&quot;yes&quot;}\">\n\t\t\t\t\t\t<div class=\"elementor-container elementor-column-gap-no\">\n\t\t\t\t\t<div class=\"elementor-column elementor-col-33 elementor-top-column elementor-element elementor-element-b33144d align-self-center\" data-id=\"b33144d\" data-element_type=\"column\" data-settings=\"{&quot;background_background&quot;:&quot;classic&quot;}\">\n\t\t\t<div class=\"elementor-widget-wrap elementor-element-populated\">\n\t\t\t\t\t\t<div class=\"elementor-element elementor-element-0bc0b03 elementor-widget elementor-widget-heading\" data-id=\"0bc0b03\" data-element_type=\"widget\" data-settings=\"{&quot;ekit_we_effect_on&quot;:&quot;none&quot;}\" data-widget_type=\"heading.default\">\n\t\t\t\t\t<h3 class=\"elementor-heading-title elementor-size-default\">Are you IN? <br><br>\nGet ready to enjoy one of the\nbest events of the year!<\/h3>\t\t\t\t<\/div>\n\t\t\t\t\t<\/div>\n\t\t<\/div>\n\t\t\t\t<div class=\"elementor-column elementor-col-33 elementor-top-column elementor-element elementor-element-5ed5318\" data-id=\"5ed5318\" data-element_type=\"column\" data-settings=\"{&quot;background_background&quot;:&quot;classic&quot;}\">\n\t\t\t<div class=\"elementor-widget-wrap elementor-element-populated\">\n\t\t\t\t\t\t<div class=\"elementor-element elementor-element-3b57f9a elementor-widget elementor-widget-heading\" data-id=\"3b57f9a\" data-element_type=\"widget\" data-settings=\"{&quot;ekit_we_effect_on&quot;:&quot;none&quot;}\" data-widget_type=\"heading.default\">\n\t\t\t\t\t<h3 class=\"elementor-heading-title elementor-size-default\">Become a Sponsor<\/h3>\t\t\t\t<\/div>\n\t\t\t\t<div class=\"elementor-element elementor-element-45d4fb0 elementor-widget elementor-widget-text-editor\" data-id=\"45d4fb0\" data-element_type=\"widget\" data-settings=\"{&quot;ekit_we_effect_on&quot;:&quot;none&quot;}\" data-widget_type=\"text-editor.default\">\n\t\t\t\t\t\t\t\t\t<p>Join our charitable cause, and become a sponsor. <br \/>In 2022 we had over 140 sponsors!<\/p>\t\t\t\t\t\t\t\t<\/div>\n\t\t\t\t<div class=\"elementor-element elementor-element-d6e0835 elementor-align-center elementor-widget elementor-widget-xs-button\" data-id=\"d6e0835\" data-element_type=\"widget\" data-settings=\"{&quot;ekit_we_effect_on&quot;:&quot;none&quot;}\" data-widget_type=\"xs-button.default\">\n\t\t\t\t<div class=\"elementor-widget-container\">\n\t\t\t\t\t        \n        <a href=\"#Contact\" target=\"_self\" class=\"xs-cp-btn btn btn-primary\">\n            <span class=\"badge\"><i class=\"\"><\/i><\/span> GET IN TOUCH        <\/a>\n\n        \t\t\t\t<\/div>\n\t\t\t\t<\/div>\n\t\t\t\t\t<\/div>\n\t\t<\/div>\n\t\t\t\t<div class=\"elementor-column elementor-col-33 elementor-top-column elementor-element elementor-element-d4eeb02 align-self-center\" data-id=\"d4eeb02\" data-element_type=\"column\" data-settings=\"{&quot;background_background&quot;:&quot;classic&quot;}\">\n\t\t\t<div class=\"elementor-widget-wrap elementor-element-populated\">\n\t\t\t\t\t\t<div class=\"elementor-element elementor-element-86796ee elementor-widget elementor-widget-heading\" data-id=\"86796ee\" data-element_type=\"widget\" data-settings=\"{&quot;ekit_we_effect_on&quot;:&quot;none&quot;}\" data-widget_type=\"heading.default\">\n\t\t\t\t\t<h3 class=\"elementor-heading-title elementor-size-default\">Connect with us on social media<\/h3>\t\t\t\t<\/div>\n\t\t\t\t<div class=\"elementor-element elementor-element-e70719f elementor-shape-rounded elementor-grid-0 e-grid-align-center elementor-widget elementor-widget-social-icons\" data-id=\"e70719f\" data-element_type=\"widget\" data-settings=\"{&quot;ekit_we_effect_on&quot;:&quot;none&quot;}\" data-widget_type=\"social-icons.default\">\n\t\t\t\t\t\t\t<div class=\"elementor-social-icons-wrapper elementor-grid\">\n\t\t\t\t\t\t\t<span class=\"elementor-grid-item\">\n\t\t\t\t\t<a class=\"elementor-icon elementor-social-icon elementor-social-icon-facebook-f elementor-repeater-item-cb80485\" target=\"_blank\">\n\t\t\t\t\t\t<span class=\"elementor-screen-only\">Facebook-f<\/span>\n\t\t\t\t\t\t<i class=\"fab fa-facebook-f\"><\/i>\t\t\t\t\t<\/a>\n\t\t\t\t<\/span>\n\t\t\t\t\t\t\t<span class=\"elementor-grid-item\">\n\t\t\t\t\t<a class=\"elementor-icon elementor-social-icon elementor-social-icon-instagram elementor-repeater-item-e2b360c\" target=\"_blank\">\n\t\t\t\t\t\t<span class=\"elementor-screen-only\">Instagram<\/span>\n\t\t\t\t\t\t<i class=\"fab fa-instagram\"><\/i>\t\t\t\t\t<\/a>\n\t\t\t\t<\/span>\n\t\t\t\t\t<\/div>\n\t\t\t\t\t\t<\/div>\n\t\t\t\t\t<\/div>\n\t\t<\/div>\n\t\t\t\t\t<\/div>\n\t\t<\/section>\n\t\t\t\t<section class=\"elementor-section elementor-top-section elementor-element elementor-element-1407076 elementor-section-boxed elementor-section-height-default elementor-section-height-default\" data-id=\"1407076\" data-element_type=\"section\" data-settings=\"{&quot;ekit_has_onepagescroll_dot&quot;:&quot;yes&quot;}\">\n\t\t\t\t\t\t<div class=\"elementor-container elementor-column-gap-default\">\n\t\t\t\t\t<div class=\"elementor-column elementor-col-100 elementor-top-column elementor-element elementor-element-4d41abe\" data-id=\"4d41abe\" data-element_type=\"column\">\n\t\t\t<div class=\"elementor-widget-wrap elementor-element-populated\">\n\t\t\t\t\t\t<div class=\"elementor-element elementor-element-2b650f7 elementor-widget elementor-widget-image\" data-id=\"2b650f7\" data-element_type=\"widget\" data-settings=\"{&quot;ekit_we_effect_on&quot;:&quot;none&quot;}\" data-widget_type=\"image.default\">\n\t\t\t\t\t\t\t\t\t\t\t\t\t\t\t<img decoding=\"async\" width=\"233\" height=\"300\" src=\"https:\/\/bthefuture.org\/wp-content\/uploads\/2022\/11\/logo-III-Torneo-black-fuschia-233x300.png\" class=\"attachment-medium size-medium wp-image-3442\" alt=\"\" srcset=\"https:\/\/bthefuture.org\/wp-content\/uploads\/2022\/11\/logo-III-Torneo-black-fuschia-233x300.png 233w, https:\/\/bthefuture.org\/wp-content\/uploads\/2022\/11\/logo-III-Torneo-black-fuschia-796x1024.png 796w, https:\/\/bthefuture.org\/wp-content\/uploads\/2022\/11\/logo-III-Torneo-black-fuschia-768x987.png 768w, https:\/\/bthefuture.org\/wp-content\/uploads\/2022\/11\/logo-III-Torneo-black-fuschia-1195x1536.png 1195w, https:\/\/bthefuture.org\/wp-content\/uploads\/2022\/11\/logo-III-Torneo-black-fuschia-311x400.png 311w, https:\/\/bthefuture.org\/wp-content\/uploads\/2022\/11\/logo-III-Torneo-black-fuschia-600x771.png 600w, https:\/\/bthefuture.org\/wp-content\/uploads\/2022\/11\/logo-III-Torneo-black-fuschia.png 1400w\" sizes=\"(max-width: 233px) 100vw, 233px\" \/>\t\t\t\t\t\t\t\t\t\t\t\t\t\t\t<\/div>\n\t\t\t\t<div class=\"elementor-element elementor-element-dd4dfbc elementor-widget elementor-widget-heading\" data-id=\"dd4dfbc\" data-element_type=\"widget\" data-settings=\"{&quot;ekit_we_effect_on&quot;:&quot;none&quot;}\" data-widget_type=\"heading.default\">\n\t\t\t\t\t<h2 class=\"elementor-heading-title elementor-size-default\">III Solidarity Paddle Tournament of the Costa del Sol raises over <span style=\"color:#ef018c\"> \u20ac80.000<\/span><\/h2>\t\t\t\t<\/div>\n\t\t\t\t<div class=\"elementor-element elementor-element-1e2c470 elementor-widget elementor-widget-text-editor\" data-id=\"1e2c470\" data-element_type=\"widget\" data-settings=\"{&quot;ekit_we_effect_on&quot;:&quot;none&quot;}\" data-widget_type=\"text-editor.default\">\n\t\t\t\t\t\t\t\t\t<p>Objective accomplished! The third edition of the charity tournament that brings together professionals from the Costa del Sol\u2019s property sector in support of local and international charitable causes enjoys its greatest success yet.<\/p>\t\t\t\t\t\t\t\t<\/div>\n\t\t\t\t<div class=\"elementor-element elementor-element-c5bd946 elementor-align-center elementor-widget elementor-widget-xs-button\" data-id=\"c5bd946\" data-element_type=\"widget\" data-settings=\"{&quot;ekit_we_effect_on&quot;:&quot;none&quot;}\" data-widget_type=\"xs-button.default\">\n\t\t\t\t<div class=\"elementor-widget-container\">\n\t\t\t\t\t        \n        <a href=\"https:\/\/nvoga.com\/2022\/06\/13\/iii-solidarity-paddle-tournament-of-the-costa-del-sol-property-sector-raises-over-e80-000\/\" target=\"_self\" class=\"xs-cp-btn btn btn-primary\">\n            <span class=\"badge\"><i class=\"\"><\/i><\/span> Find Out More        <\/a>\n\n        \t\t\t\t<\/div>\n\t\t\t\t<\/div>\n\t\t\t\t\t<\/div>\n\t\t<\/div>\n\t\t\t\t\t<\/div>\n\t\t<\/section>\n\t\t\t\t<section class=\"elementor-section elementor-top-section elementor-element elementor-element-6a5478d elementor-section-boxed elementor-section-height-default elementor-section-height-default\" data-id=\"6a5478d\" data-element_type=\"section\" data-settings=\"{&quot;background_background&quot;:&quot;classic&quot;,&quot;ekit_has_onepagescroll_dot&quot;:&quot;yes&quot;}\">\n\t\t\t\t\t\t<div class=\"elementor-container elementor-column-gap-default\">\n\t\t\t\t\t<div class=\"elementor-column elementor-col-100 elementor-top-column elementor-element elementor-element-0b6722f\" data-id=\"0b6722f\" data-element_type=\"column\">\n\t\t\t<div class=\"elementor-widget-wrap elementor-element-populated\">\n\t\t\t\t\t\t<div class=\"elementor-element elementor-element-1506c96 elementor-widget elementor-widget-menu-anchor\" data-id=\"1506c96\" data-element_type=\"widget\" data-settings=\"{&quot;ekit_we_effect_on&quot;:&quot;none&quot;}\" data-widget_type=\"menu-anchor.default\">\n\t\t\t\t\t\t\t<div class=\"elementor-menu-anchor\" id=\"Contact\"><\/div>\n\t\t\t\t\t\t<\/div>\n\t\t\t\t\t<\/div>\n\t\t<\/div>\n\t\t\t\t\t<\/div>\n\t\t<\/section>\n\t\t\t\t<\/div>","protected":false},"excerpt":{"rendered":"<p>BUILDING THE FUTURE III SOLIDARITY TOURNAMENT REAL ESTATE SECTOR COSTA DEL SOL If you didn\u2019t know, Here\u2019s a bit about us. Together we are stronger and can do so much more, and it shows when we join forces and do something important for others. The annual Solidarity Padel Tournament originally conceived by Nvoga and its [&hellip;]<\/p>","protected":false},"author":1,"featured_media":0,"parent":0,"menu_order":0,"comment_status":"closed","ping_status":"closed","template":"template\/template-multipage-homepage.php","meta":{"footnotes":""},"class_list":["post-3523","page","type-page","status-publish","hentry"],"_links":{"self":[{"href":"https:\/\/bthefuture.org\/es\/wp-json\/wp\/v2\/pages\/3523","targetHints":{"allow":["GET"]}}],"collection":[{"href":"https:\/\/bthefuture.org\/es\/wp-json\/wp\/v2\/pages"}],"about":[{"href":"https:\/\/bthefuture.org\/es\/wp-json\/wp\/v2\/types\/page"}],"author":[{"embeddable":true,"href":"https:\/\/bthefuture.org\/es\/wp-json\/wp\/v2\/users\/1"}],"replies":[{"embeddable":true,"href":"https:\/\/bthefuture.org\/es\/wp-json\/wp\/v2\/comments?post=3523"}],"version-history":[{"count":16,"href":"https:\/\/bthefuture.org\/es\/wp-json\/wp\/v2\/pages\/3523\/revisions"}],"predecessor-version":[{"id":4064,"href":"https:\/\/bthefuture.org\/es\/wp-json\/wp\/v2\/pages\/3523\/revisions\/4064"}],"wp:attachment":[{"href":"https:\/\/bthefuture.org\/es\/wp-json\/wp\/v2\/media?parent=3523"}],"curies":[{"name":"wp","href":"https:\/\/api.w.org\/{rel}","templated":true}]}}